{"id":62,"date":"2020-11-14T23:19:24","date_gmt":"2020-11-14T23:19:24","guid":{"rendered":"http:\/\/192.168.10.3\/?page_id=62"},"modified":"2020-11-24T10:42:42","modified_gmt":"2020-11-24T10:42:42","slug":"vitej","status":"publish","type":"page","link":"https:\/\/elda.jndnetwork.eu\/","title":{"rendered":"V\u00edtej!"},"content":{"rendered":"\n<h2 class=\"wp-block-heading\">Hled\u00e1n\u00ed<\/h2>\n\n\n<form role=\"search\" method=\"get\" action=\"https:\/\/elda.jndnetwork.eu\/\" class=\"wp-block-search__button-outside wp-block-search__text-button wp-block-search\"    ><label class=\"wp-block-search__label screen-reader-text\" for=\"wp-block-search__input-1\" >Hledat<\/label><div class=\"wp-block-search__inside-wrapper\" ><input class=\"wp-block-search__input\" id=\"wp-block-search__input-1\" placeholder=\"\" value=\"\" type=\"search\" name=\"s\" required \/><button aria-label=\"Hledat\" class=\"wp-block-search__button wp-element-button\" type=\"submit\" >Hledat<\/button><\/div><\/form>\n\n\n<h2 class=\"wp-block-heading\">Posledn\u00ed p\u0159\u00edsp\u011bvky<\/h2>\n\n\n<ul class=\"wp-block-latest-posts__list is-grid columns-3 wp-block-latest-posts\"><li><a class=\"wp-block-latest-posts__post-title\" href=\"https:\/\/elda.jndnetwork.eu\/?p=309\">Sv\u00ed\u010dkov\u00e1 na smetan\u011b<\/a><\/li>\n<li><a class=\"wp-block-latest-posts__post-title\" href=\"https:\/\/elda.jndnetwork.eu\/?p=301\">Pizza &#8211; kynut\u00e1 i nekynut\u00e1<\/a><\/li>\n<li><a class=\"wp-block-latest-posts__post-title\" href=\"https:\/\/elda.jndnetwork.eu\/?p=297\">Francouzsk\u00fd toast<\/a><\/li>\n<li><a class=\"wp-block-latest-posts__post-title\" href=\"https:\/\/elda.jndnetwork.eu\/?p=294\">Pala\u010dinky (lit\u00e9 t\u011bsto)<\/a><\/li>\n<li><a class=\"wp-block-latest-posts__post-title\" href=\"https:\/\/elda.jndnetwork.eu\/?p=289\">Budouc\u00ed recepty<\/a><\/li>\n<\/ul>\n\n\n<h2 class=\"wp-block-heading\">Rubriky<\/h2>\n\n\n<ul class=\"wp-block-categories-list wp-block-categories\">\t<li class=\"cat-item cat-item-37\"><a href=\"https:\/\/elda.jndnetwork.eu\/?cat=37\">Foto<\/a>\n<\/li>\n\t<li class=\"cat-item cat-item-14\"><a href=\"https:\/\/elda.jndnetwork.eu\/?cat=14\">Kuchyn\u011b<\/a>\n<\/li>\n\t<li class=\"cat-item cat-item-1\"><a href=\"https:\/\/elda.jndnetwork.eu\/?cat=1\">Neza\u0159azen\u00e9<\/a>\n<\/li>\n\t<li class=\"cat-item cat-item-5\"><a href=\"https:\/\/elda.jndnetwork.eu\/?cat=5\">Sladk\u00e9<\/a>\n<\/li>\n\t<li class=\"cat-item cat-item-6\"><a href=\"https:\/\/elda.jndnetwork.eu\/?cat=6\">Slan\u00e9<\/a>\n<\/li>\n\t<li class=\"cat-item cat-item-17\"><a href=\"https:\/\/elda.jndnetwork.eu\/?cat=17\">Z\u00e1klady<\/a>\n<\/li>\n<\/ul>\n\n\n<h2 class=\"wp-block-heading\">Archiv<\/h2>\n\n\n<ul class=\"wp-block-archives-list wp-block-archives\">\t<li><a href='https:\/\/elda.jndnetwork.eu\/?m=202012'>Prosinec 2020<\/a><\/li>\n\t<li><a href='https:\/\/elda.jndnetwork.eu\/?m=202011'>Listopad 2020<\/a><\/li>\n<\/ul>","protected":false},"excerpt":{"rendered":"<p>Hled\u00e1n\u00ed Posledn\u00ed p\u0159\u00edsp\u011bvky Rubriky Archiv<\/p>\n","protected":false},"author":1,"featured_media":0,"parent":0,"menu_order":0,"comment_status":"closed","ping_status":"closed","template":"","meta":{"footnotes":""},"class_list":["post-62","page","type-page","status-publish","hentry","latest_post"],"_links":{"self":[{"href":"https:\/\/elda.jndnetwork.eu\/index.php?rest_route=\/wp\/v2\/pages\/62","targetHints":{"allow":["GET"]}}],"collection":[{"href":"https:\/\/elda.jndnetwork.eu\/index.php?rest_route=\/wp\/v2\/pages"}],"about":[{"href":"https:\/\/elda.jndnetwork.eu\/index.php?rest_route=\/wp\/v2\/types\/page"}],"author":[{"embeddable":true,"href":"https:\/\/elda.jndnetwork.eu\/index.php?rest_route=\/wp\/v2\/users\/1"}],"replies":[{"embeddable":true,"href":"https:\/\/elda.jndnetwork.eu\/index.php?rest_route=%2Fwp%2Fv2%2Fcomments&post=62"}],"version-history":[{"count":5,"href":"https:\/\/elda.jndnetwork.eu\/index.php?rest_route=\/wp\/v2\/pages\/62\/revisions"}],"predecessor-version":[{"id":176,"href":"https:\/\/elda.jndnetwork.eu\/index.php?rest_route=\/wp\/v2\/pages\/62\/revisions\/176"}],"wp:attachment":[{"href":"https:\/\/elda.jndnetwork.eu\/index.php?rest_route=%2Fwp%2Fv2%2Fmedia&parent=62"}],"curies":[{"name":"wp","href":"https:\/\/api.w.org\/{rel}","templated":true}]}}