{"id":23,"date":"2020-11-14T21:33:57","date_gmt":"2020-11-14T21:33:57","guid":{"rendered":"http:\/\/192.168.10.3\/?page_id=23"},"modified":"2020-12-23T13:33:36","modified_gmt":"2020-12-23T13:33:36","slug":"slane","status":"publish","type":"page","link":"https:\/\/elda.jndnetwork.eu\/?page_id=23","title":{"rendered":"Slan\u00e9"},"content":{"rendered":"\n<div class=\"wp-block-group\"><div class=\"wp-block-group__inner-container is-layout-flow wp-block-group-is-layout-flow\">\n<h2 class=\"wp-block-heading\">\u0160t\u00edtky<\/h2>\n<\/div><\/div>\n\n\n<p class=\"wp-block-tag-cloud\"><a href=\"https:\/\/elda.jndnetwork.eu\/?tag=babka\" class=\"tag-cloud-link tag-link-28 tag-link-position-1\" style=\"font-size: 8pt;\" aria-label=\"babka (1 polo\u017eka)\">babka<span class=\"tag-link-count\"> (1)<\/span><\/a>\n<a href=\"https:\/\/elda.jndnetwork.eu\/?tag=burger\" class=\"tag-cloud-link tag-link-24 tag-link-position-2\" style=\"font-size: 8pt;\" aria-label=\"burger (1 polo\u017eka)\">burger<span class=\"tag-link-count\"> (1)<\/span><\/a>\n<a href=\"https:\/\/elda.jndnetwork.eu\/?tag=chipsy\" class=\"tag-cloud-link tag-link-34 tag-link-position-3\" style=\"font-size: 8pt;\" aria-label=\"chipsy (1 polo\u017eka)\">chipsy<span class=\"tag-link-count\"> (1)<\/span><\/a>\n<a href=\"https:\/\/elda.jndnetwork.eu\/?tag=dezert\" class=\"tag-cloud-link tag-link-10 tag-link-position-4\" style=\"font-size: 8pt;\" aria-label=\"dezert (1 polo\u017eka)\">dezert<span class=\"tag-link-count\"> (1)<\/span><\/a>\n<a href=\"https:\/\/elda.jndnetwork.eu\/?tag=dort\" class=\"tag-cloud-link tag-link-23 tag-link-position-5\" style=\"font-size: 12.2pt;\" aria-label=\"dort (2 polo\u017eky)\">dort<span class=\"tag-link-count\"> (2)<\/span><\/a>\n<a href=\"https:\/\/elda.jndnetwork.eu\/?tag=hranolky\" class=\"tag-cloud-link tag-link-52 tag-link-position-6\" style=\"font-size: 8pt;\" aria-label=\"hranolky (1 polo\u017eka)\">hranolky<span class=\"tag-link-count\"> (1)<\/span><\/a>\n<a href=\"https:\/\/elda.jndnetwork.eu\/?tag=indicke\" class=\"tag-cloud-link tag-link-51 tag-link-position-7\" style=\"font-size: 8pt;\" aria-label=\"indick\u00e9 (1 polo\u017eka)\">indick\u00e9<span class=\"tag-link-count\"> (1)<\/span><\/a>\n<a href=\"https:\/\/elda.jndnetwork.eu\/?tag=jablka\" class=\"tag-cloud-link tag-link-50 tag-link-position-8\" style=\"font-size: 8pt;\" aria-label=\"jablka (1 polo\u017eka)\">jablka<span class=\"tag-link-count\"> (1)<\/span><\/a>\n<a href=\"https:\/\/elda.jndnetwork.eu\/?tag=jednoduchy\" class=\"tag-cloud-link tag-link-12 tag-link-position-9\" style=\"font-size: 8pt;\" aria-label=\"jednoduch\u00fd (1 polo\u017eka)\">jednoduch\u00fd<span class=\"tag-link-count\"> (1)<\/span><\/a>\n<a href=\"https:\/\/elda.jndnetwork.eu\/?tag=karamel\" class=\"tag-cloud-link tag-link-7 tag-link-position-10\" style=\"font-size: 12.2pt;\" aria-label=\"karamel (2 polo\u017eky)\">karamel<span class=\"tag-link-count\"> (2)<\/span><\/a>\n<a href=\"https:\/\/elda.jndnetwork.eu\/?tag=kinder\" class=\"tag-cloud-link tag-link-29 tag-link-position-11\" style=\"font-size: 8pt;\" aria-label=\"kinder (1 polo\u017eka)\">kinder<span class=\"tag-link-count\"> (1)<\/span><\/a>\n<a href=\"https:\/\/elda.jndnetwork.eu\/?tag=kolac\" class=\"tag-cloud-link tag-link-8 tag-link-position-12\" style=\"font-size: 12.2pt;\" aria-label=\"kol\u00e1\u010d (2 polo\u017eky)\">kol\u00e1\u010d<span class=\"tag-link-count\"> (2)<\/span><\/a>\n<a href=\"https:\/\/elda.jndnetwork.eu\/?tag=krehke\" class=\"tag-cloud-link tag-link-16 tag-link-position-13\" style=\"font-size: 12.2pt;\" aria-label=\"k\u0159ehk\u00e9 (2 polo\u017eky)\">k\u0159ehk\u00e9<span class=\"tag-link-count\"> (2)<\/span><\/a>\n<a href=\"https:\/\/elda.jndnetwork.eu\/?tag=liker\" class=\"tag-cloud-link tag-link-39 tag-link-position-14\" style=\"font-size: 8pt;\" aria-label=\"lik\u00e9r (1 polo\u017eka)\">lik\u00e9r<span class=\"tag-link-count\"> (1)<\/span><\/a>\n<a href=\"https:\/\/elda.jndnetwork.eu\/?tag=lite\" class=\"tag-cloud-link tag-link-32 tag-link-position-15\" style=\"font-size: 12.2pt;\" aria-label=\"lit\u00e9 (2 polo\u017eky)\">lit\u00e9<span class=\"tag-link-count\"> (2)<\/span><\/a>\n<a href=\"https:\/\/elda.jndnetwork.eu\/?tag=livance\" class=\"tag-cloud-link tag-link-31 tag-link-position-16\" style=\"font-size: 8pt;\" aria-label=\"l\u00edvance (1 polo\u017eka)\">l\u00edvance<span class=\"tag-link-count\"> (1)<\/span><\/a>\n<a href=\"https:\/\/elda.jndnetwork.eu\/?tag=marmelada\" class=\"tag-cloud-link tag-link-55 tag-link-position-17\" style=\"font-size: 8pt;\" aria-label=\"marmel\u00e1da (1 polo\u017eka)\">marmel\u00e1da<span class=\"tag-link-count\"> (1)<\/span><\/a>\n<a href=\"https:\/\/elda.jndnetwork.eu\/?tag=marshmallow\" class=\"tag-cloud-link tag-link-43 tag-link-position-18\" style=\"font-size: 8pt;\" aria-label=\"marshmallow (1 polo\u017eka)\">marshmallow<span class=\"tag-link-count\"> (1)<\/span><\/a>\n<a href=\"https:\/\/elda.jndnetwork.eu\/?tag=maso\" class=\"tag-cloud-link tag-link-53 tag-link-position-19\" style=\"font-size: 12.2pt;\" aria-label=\"maso (2 polo\u017eky)\">maso<span class=\"tag-link-count\"> (2)<\/span><\/a>\n<a href=\"https:\/\/elda.jndnetwork.eu\/?tag=muffiny\" class=\"tag-cloud-link tag-link-27 tag-link-position-20\" style=\"font-size: 8pt;\" aria-label=\"muffiny (1 polo\u017eka)\">muffiny<span class=\"tag-link-count\"> (1)<\/span><\/a>\n<a href=\"https:\/\/elda.jndnetwork.eu\/?tag=nedelni\" class=\"tag-cloud-link tag-link-13 tag-link-position-21\" style=\"font-size: 8pt;\" aria-label=\"ned\u011bln\u00ed (1 polo\u017eka)\">ned\u011bln\u00ed<span class=\"tag-link-count\"> (1)<\/span><\/a>\n<a href=\"https:\/\/elda.jndnetwork.eu\/?tag=odpalovane\" class=\"tag-cloud-link tag-link-19 tag-link-position-22\" style=\"font-size: 12.2pt;\" aria-label=\"odpalovan\u00e9 (2 polo\u017eky)\">odpalovan\u00e9<span class=\"tag-link-count\"> (2)<\/span><\/a>\n<a href=\"https:\/\/elda.jndnetwork.eu\/?tag=omacka\" class=\"tag-cloud-link tag-link-33 tag-link-position-23\" style=\"font-size: 15pt;\" aria-label=\"om\u00e1\u010dka (3 polo\u017eky)\">om\u00e1\u010dka<span class=\"tag-link-count\"> (3)<\/span><\/a>\n<a href=\"https:\/\/elda.jndnetwork.eu\/?tag=palacinky\" class=\"tag-cloud-link tag-link-54 tag-link-position-24\" style=\"font-size: 8pt;\" aria-label=\"pala\u010dinky (1 polo\u017eka)\">pala\u010dinky<span class=\"tag-link-count\"> (1)<\/span><\/a>\n<a href=\"https:\/\/elda.jndnetwork.eu\/?tag=pernicky\" class=\"tag-cloud-link tag-link-48 tag-link-position-25\" style=\"font-size: 12.2pt;\" aria-label=\"pern\u00ed\u010dky (2 polo\u017eky)\">pern\u00ed\u010dky<span class=\"tag-link-count\"> (2)<\/span><\/a>\n<a href=\"https:\/\/elda.jndnetwork.eu\/?tag=piskot\" class=\"tag-cloud-link tag-link-11 tag-link-position-26\" style=\"font-size: 22pt;\" aria-label=\"pi\u0161kot (7 polo\u017eek)\">pi\u0161kot<span class=\"tag-link-count\"> (7)<\/span><\/a>\n<a href=\"https:\/\/elda.jndnetwork.eu\/?tag=placky\" class=\"tag-cloud-link tag-link-35 tag-link-position-27\" style=\"font-size: 12.2pt;\" aria-label=\"placky (2 polo\u017eky)\">placky<span class=\"tag-link-count\"> (2)<\/span><\/a>\n<a href=\"https:\/\/elda.jndnetwork.eu\/?tag=poleva\" class=\"tag-cloud-link tag-link-49 tag-link-position-28\" style=\"font-size: 8pt;\" aria-label=\"poleva (1 polo\u017eka)\">poleva<span class=\"tag-link-count\"> (1)<\/span><\/a>\n<a href=\"https:\/\/elda.jndnetwork.eu\/?tag=pomucky\" class=\"tag-cloud-link tag-link-18 tag-link-position-29\" style=\"font-size: 8pt;\" aria-label=\"pom\u016fcky (1 polo\u017eka)\">pom\u016fcky<span class=\"tag-link-count\"> (1)<\/span><\/a>\n<a href=\"https:\/\/elda.jndnetwork.eu\/?tag=posviceni\" class=\"tag-cloud-link tag-link-42 tag-link-position-30\" style=\"font-size: 8pt;\" aria-label=\"posv\u00edcen\u00ed (1 polo\u017eka)\">posv\u00edcen\u00ed<span class=\"tag-link-count\"> (1)<\/span><\/a>\n<a href=\"https:\/\/elda.jndnetwork.eu\/?tag=profiterole\" class=\"tag-cloud-link tag-link-21 tag-link-position-31\" style=\"font-size: 8pt;\" aria-label=\"profiterole (1 polo\u017eka)\">profiterole<span class=\"tag-link-count\"> (1)<\/span><\/a>\n<a href=\"https:\/\/elda.jndnetwork.eu\/?tag=puding\" class=\"tag-cloud-link tag-link-26 tag-link-position-32\" style=\"font-size: 8pt;\" aria-label=\"puding (1 polo\u017eka)\">puding<span class=\"tag-link-count\"> (1)<\/span><\/a>\n<a href=\"https:\/\/elda.jndnetwork.eu\/?tag=pena\" class=\"tag-cloud-link tag-link-36 tag-link-position-33\" style=\"font-size: 8pt;\" aria-label=\"p\u011bna (1 polo\u017eka)\">p\u011bna<span class=\"tag-link-count\"> (1)<\/span><\/a>\n<a href=\"https:\/\/elda.jndnetwork.eu\/?tag=rolada\" class=\"tag-cloud-link tag-link-22 tag-link-position-34\" style=\"font-size: 8pt;\" aria-label=\"rol\u00e1da (1 polo\u017eka)\">rol\u00e1da<span class=\"tag-link-count\"> (1)<\/span><\/a>\n<a href=\"https:\/\/elda.jndnetwork.eu\/?tag=susenky\" class=\"tag-cloud-link tag-link-15 tag-link-position-35\" style=\"font-size: 8pt;\" aria-label=\"su\u0161enky (1 polo\u017eka)\">su\u0161enky<span class=\"tag-link-count\"> (1)<\/span><\/a>\n<a href=\"https:\/\/elda.jndnetwork.eu\/?tag=svickova\" class=\"tag-cloud-link tag-link-57 tag-link-position-36\" style=\"font-size: 8pt;\" aria-label=\"sv\u00ed\u010dkov\u00e1 (1 polo\u017eka)\">sv\u00ed\u010dkov\u00e1<span class=\"tag-link-count\"> (1)<\/span><\/a>\n<a href=\"https:\/\/elda.jndnetwork.eu\/?tag=syr\" class=\"tag-cloud-link tag-link-41 tag-link-position-37\" style=\"font-size: 12.2pt;\" aria-label=\"s\u00fdr (2 polo\u017eky)\">s\u00fdr<span class=\"tag-link-count\"> (2)<\/span><\/a>\n<a href=\"https:\/\/elda.jndnetwork.eu\/?tag=toast\" class=\"tag-cloud-link tag-link-56 tag-link-position-38\" style=\"font-size: 8pt;\" aria-label=\"toast (1 polo\u017eka)\">toast<span class=\"tag-link-count\"> (1)<\/span><\/a>\n<a href=\"https:\/\/elda.jndnetwork.eu\/?tag=tycinka\" class=\"tag-cloud-link tag-link-44 tag-link-position-39\" style=\"font-size: 8pt;\" aria-label=\"ty\u010dinka (1 polo\u017eka)\">ty\u010dinka<span class=\"tag-link-count\"> (1)<\/span><\/a>\n<a href=\"https:\/\/elda.jndnetwork.eu\/?tag=testoviny\" class=\"tag-cloud-link tag-link-40 tag-link-position-40\" style=\"font-size: 8pt;\" aria-label=\"t\u011bstoviny (1 polo\u017eka)\">t\u011bstoviny<span class=\"tag-link-count\"> (1)<\/span><\/a>\n<a href=\"https:\/\/elda.jndnetwork.eu\/?tag=vajecny\" class=\"tag-cloud-link tag-link-38 tag-link-position-41\" style=\"font-size: 8pt;\" aria-label=\"vaje\u010dn\u00fd (1 polo\u017eka)\">vaje\u010dn\u00fd<span class=\"tag-link-count\"> (1)<\/span><\/a>\n<a href=\"https:\/\/elda.jndnetwork.eu\/?tag=vanoce\" class=\"tag-cloud-link tag-link-47 tag-link-position-42\" style=\"font-size: 12.2pt;\" aria-label=\"v\u00e1noce (2 polo\u017eky)\">v\u00e1noce<span class=\"tag-link-count\"> (2)<\/span><\/a>\n<a href=\"https:\/\/elda.jndnetwork.eu\/?tag=zmrzlina\" class=\"tag-cloud-link tag-link-46 tag-link-position-43\" style=\"font-size: 8pt;\" aria-label=\"zmrzlina (1 polo\u017eka)\">zmrzlina<span class=\"tag-link-count\"> (1)<\/span><\/a>\n<a href=\"https:\/\/elda.jndnetwork.eu\/?tag=cokolada\" class=\"tag-cloud-link tag-link-25 tag-link-position-44\" style=\"font-size: 19.2pt;\" aria-label=\"\u010dokol\u00e1da (5 polo\u017eek)\">\u010dokol\u00e1da<span class=\"tag-link-count\"> (5)<\/span><\/a>\n<a href=\"https:\/\/elda.jndnetwork.eu\/?tag=rez\" class=\"tag-cloud-link tag-link-30 tag-link-position-45\" style=\"font-size: 8pt;\" aria-label=\"\u0159ez (1 polo\u017eka)\">\u0159ez<span class=\"tag-link-count\"> (1)<\/span><\/a><\/p>\n\n\n<h2 class=\"wp-block-heading\">Recepty<\/h2>\n\n\n<ul class=\"wp-block-latest-posts__list is-grid columns-3 wp-block-latest-posts\"><li><div class=\"wp-block-latest-posts__featured-image\"><img loading=\"lazy\" decoding=\"async\" width=\"150\" height=\"150\" src=\"https:\/\/elda.jndnetwork.eu\/wp-content\/uploads\/2020\/12\/jason-mann-eNKVUNeEmI8-unsplash-150x150.jpg\" class=\"attachment-thumbnail size-thumbnail wp-post-image\" alt=\"\" style=\"\" srcset=\"https:\/\/elda.jndnetwork.eu\/wp-content\/uploads\/2020\/12\/jason-mann-eNKVUNeEmI8-unsplash-150x150.jpg 150w, https:\/\/elda.jndnetwork.eu\/wp-content\/uploads\/2020\/12\/jason-mann-eNKVUNeEmI8-unsplash-300x300.jpg 300w, https:\/\/elda.jndnetwork.eu\/wp-content\/uploads\/2020\/12\/jason-mann-eNKVUNeEmI8-unsplash-1024x1024.jpg 1024w, https:\/\/elda.jndnetwork.eu\/wp-content\/uploads\/2020\/12\/jason-mann-eNKVUNeEmI8-unsplash-768x768.jpg 768w, https:\/\/elda.jndnetwork.eu\/wp-content\/uploads\/2020\/12\/jason-mann-eNKVUNeEmI8-unsplash-1536x1536.jpg 1536w, https:\/\/elda.jndnetwork.eu\/wp-content\/uploads\/2020\/12\/jason-mann-eNKVUNeEmI8-unsplash-2048x2048.jpg 2048w, https:\/\/elda.jndnetwork.eu\/wp-content\/uploads\/2020\/12\/jason-mann-eNKVUNeEmI8-unsplash-60x60.jpg 60w\" sizes=\"auto, (max-width: 150px) 100vw, 150px\" \/><\/div><a class=\"wp-block-latest-posts__post-title\" href=\"https:\/\/elda.jndnetwork.eu\/?p=309\">Sv\u00ed\u010dkov\u00e1 na smetan\u011b<\/a><\/li>\n<li><div class=\"wp-block-latest-posts__featured-image\"><img loading=\"lazy\" decoding=\"async\" width=\"150\" height=\"150\" src=\"https:\/\/elda.jndnetwork.eu\/wp-content\/uploads\/2020\/12\/inna-podolska-JspLKUauwSI-unsplash-150x150.jpg\" class=\"attachment-thumbnail size-thumbnail wp-post-image\" alt=\"\" style=\"\" srcset=\"https:\/\/elda.jndnetwork.eu\/wp-content\/uploads\/2020\/12\/inna-podolska-JspLKUauwSI-unsplash-150x150.jpg 150w, https:\/\/elda.jndnetwork.eu\/wp-content\/uploads\/2020\/12\/inna-podolska-JspLKUauwSI-unsplash-300x300.jpg 300w, https:\/\/elda.jndnetwork.eu\/wp-content\/uploads\/2020\/12\/inna-podolska-JspLKUauwSI-unsplash-1024x1024.jpg 1024w, https:\/\/elda.jndnetwork.eu\/wp-content\/uploads\/2020\/12\/inna-podolska-JspLKUauwSI-unsplash-768x767.jpg 768w, https:\/\/elda.jndnetwork.eu\/wp-content\/uploads\/2020\/12\/inna-podolska-JspLKUauwSI-unsplash-1536x1534.jpg 1536w, https:\/\/elda.jndnetwork.eu\/wp-content\/uploads\/2020\/12\/inna-podolska-JspLKUauwSI-unsplash-60x60.jpg 60w, https:\/\/elda.jndnetwork.eu\/wp-content\/uploads\/2020\/12\/inna-podolska-JspLKUauwSI-unsplash.jpg 1600w\" sizes=\"auto, (max-width: 150px) 100vw, 150px\" \/><\/div><a class=\"wp-block-latest-posts__post-title\" href=\"https:\/\/elda.jndnetwork.eu\/?p=301\">Pizza &#8211; kynut\u00e1 i nekynut\u00e1<\/a><\/li>\n<li><div class=\"wp-block-latest-posts__featured-image\"><img loading=\"lazy\" decoding=\"async\" width=\"150\" height=\"150\" src=\"https:\/\/elda.jndnetwork.eu\/wp-content\/uploads\/2020\/12\/raphael-nogueira-ZQuFgfyCifI-unsplash-150x150.jpg\" class=\"attachment-thumbnail size-thumbnail wp-post-image\" alt=\"\" style=\"\" srcset=\"https:\/\/elda.jndnetwork.eu\/wp-content\/uploads\/2020\/12\/raphael-nogueira-ZQuFgfyCifI-unsplash-150x150.jpg 150w, https:\/\/elda.jndnetwork.eu\/wp-content\/uploads\/2020\/12\/raphael-nogueira-ZQuFgfyCifI-unsplash-300x300.jpg 300w, https:\/\/elda.jndnetwork.eu\/wp-content\/uploads\/2020\/12\/raphael-nogueira-ZQuFgfyCifI-unsplash-1024x1024.jpg 1024w, https:\/\/elda.jndnetwork.eu\/wp-content\/uploads\/2020\/12\/raphael-nogueira-ZQuFgfyCifI-unsplash-768x768.jpg 768w, https:\/\/elda.jndnetwork.eu\/wp-content\/uploads\/2020\/12\/raphael-nogueira-ZQuFgfyCifI-unsplash-1536x1536.jpg 1536w, https:\/\/elda.jndnetwork.eu\/wp-content\/uploads\/2020\/12\/raphael-nogueira-ZQuFgfyCifI-unsplash-60x60.jpg 60w, https:\/\/elda.jndnetwork.eu\/wp-content\/uploads\/2020\/12\/raphael-nogueira-ZQuFgfyCifI-unsplash.jpg 1657w\" sizes=\"auto, (max-width: 150px) 100vw, 150px\" \/><\/div><a class=\"wp-block-latest-posts__post-title\" href=\"https:\/\/elda.jndnetwork.eu\/?p=284\">Holandsk\u00e1 om\u00e1\u010dka<\/a><\/li>\n<li><div class=\"wp-block-latest-posts__featured-image\"><img loading=\"lazy\" decoding=\"async\" width=\"150\" height=\"150\" src=\"https:\/\/elda.jndnetwork.eu\/wp-content\/uploads\/2020\/12\/chad-montano-M0lUxgLnlfk-unsplash-150x150.jpg\" class=\"attachment-thumbnail size-thumbnail wp-post-image\" alt=\"\" style=\"\" srcset=\"https:\/\/elda.jndnetwork.eu\/wp-content\/uploads\/2020\/12\/chad-montano-M0lUxgLnlfk-unsplash-150x150.jpg 150w, https:\/\/elda.jndnetwork.eu\/wp-content\/uploads\/2020\/12\/chad-montano-M0lUxgLnlfk-unsplash-300x300.jpg 300w, https:\/\/elda.jndnetwork.eu\/wp-content\/uploads\/2020\/12\/chad-montano-M0lUxgLnlfk-unsplash-1024x1024.jpg 1024w, https:\/\/elda.jndnetwork.eu\/wp-content\/uploads\/2020\/12\/chad-montano-M0lUxgLnlfk-unsplash-768x768.jpg 768w, https:\/\/elda.jndnetwork.eu\/wp-content\/uploads\/2020\/12\/chad-montano-M0lUxgLnlfk-unsplash-1536x1536.jpg 1536w, https:\/\/elda.jndnetwork.eu\/wp-content\/uploads\/2020\/12\/chad-montano-M0lUxgLnlfk-unsplash-2048x2048.jpg 2048w, https:\/\/elda.jndnetwork.eu\/wp-content\/uploads\/2020\/12\/chad-montano-M0lUxgLnlfk-unsplash-60x60.jpg 60w\" sizes=\"auto, (max-width: 150px) 100vw, 150px\" \/><\/div><a class=\"wp-block-latest-posts__post-title\" href=\"https:\/\/elda.jndnetwork.eu\/?p=280\">Steak<\/a><\/li>\n<li><div class=\"wp-block-latest-posts__featured-image\"><img loading=\"lazy\" decoding=\"async\" width=\"150\" height=\"150\" src=\"https:\/\/elda.jndnetwork.eu\/wp-content\/uploads\/2020\/12\/joyce-panda-lpsbMRRqMQw-unsplash-150x150.jpg\" class=\"attachment-thumbnail size-thumbnail wp-post-image\" alt=\"\" style=\"\" srcset=\"https:\/\/elda.jndnetwork.eu\/wp-content\/uploads\/2020\/12\/joyce-panda-lpsbMRRqMQw-unsplash-150x150.jpg 150w, https:\/\/elda.jndnetwork.eu\/wp-content\/uploads\/2020\/12\/joyce-panda-lpsbMRRqMQw-unsplash-300x300.jpg 300w, https:\/\/elda.jndnetwork.eu\/wp-content\/uploads\/2020\/12\/joyce-panda-lpsbMRRqMQw-unsplash-1024x1024.jpg 1024w, https:\/\/elda.jndnetwork.eu\/wp-content\/uploads\/2020\/12\/joyce-panda-lpsbMRRqMQw-unsplash-768x768.jpg 768w, https:\/\/elda.jndnetwork.eu\/wp-content\/uploads\/2020\/12\/joyce-panda-lpsbMRRqMQw-unsplash-1536x1536.jpg 1536w, https:\/\/elda.jndnetwork.eu\/wp-content\/uploads\/2020\/12\/joyce-panda-lpsbMRRqMQw-unsplash-60x60.jpg 60w, https:\/\/elda.jndnetwork.eu\/wp-content\/uploads\/2020\/12\/joyce-panda-lpsbMRRqMQw-unsplash.jpg 1599w\" sizes=\"auto, (max-width: 150px) 100vw, 150px\" \/><\/div><a class=\"wp-block-latest-posts__post-title\" href=\"https:\/\/elda.jndnetwork.eu\/?p=277\">Dom\u00e1c\u00ed hranolky<\/a><\/li>\n<li><div class=\"wp-block-latest-posts__featured-image\"><img loading=\"lazy\" decoding=\"async\" width=\"150\" height=\"150\" src=\"https:\/\/elda.jndnetwork.eu\/wp-content\/uploads\/2020\/12\/gabor-molnar-x1HYULyQu70-unsplash-150x150.jpg\" class=\"attachment-thumbnail size-thumbnail wp-post-image\" alt=\"\" style=\"\" srcset=\"https:\/\/elda.jndnetwork.eu\/wp-content\/uploads\/2020\/12\/gabor-molnar-x1HYULyQu70-unsplash-150x150.jpg 150w, https:\/\/elda.jndnetwork.eu\/wp-content\/uploads\/2020\/12\/gabor-molnar-x1HYULyQu70-unsplash-300x300.jpg 300w, https:\/\/elda.jndnetwork.eu\/wp-content\/uploads\/2020\/12\/gabor-molnar-x1HYULyQu70-unsplash-1024x1024.jpg 1024w, https:\/\/elda.jndnetwork.eu\/wp-content\/uploads\/2020\/12\/gabor-molnar-x1HYULyQu70-unsplash-768x768.jpg 768w, https:\/\/elda.jndnetwork.eu\/wp-content\/uploads\/2020\/12\/gabor-molnar-x1HYULyQu70-unsplash-1536x1536.jpg 1536w, https:\/\/elda.jndnetwork.eu\/wp-content\/uploads\/2020\/12\/gabor-molnar-x1HYULyQu70-unsplash-60x60.jpg 60w, https:\/\/elda.jndnetwork.eu\/wp-content\/uploads\/2020\/12\/gabor-molnar-x1HYULyQu70-unsplash.jpg 1585w\" sizes=\"auto, (max-width: 150px) 100vw, 150px\" \/><\/div><a class=\"wp-block-latest-posts__post-title\" href=\"https:\/\/elda.jndnetwork.eu\/?p=274\">Dom\u00e1c\u00ed gnocchi (halu\u0161ky) s brynzou<\/a><\/li>\n<li><div class=\"wp-block-latest-posts__featured-image\"><img loading=\"lazy\" decoding=\"async\" width=\"150\" height=\"150\" src=\"https:\/\/elda.jndnetwork.eu\/wp-content\/uploads\/2020\/12\/lai-yuching-WxePxgrIJbQ-unsplash-150x150.jpg\" class=\"attachment-thumbnail size-thumbnail wp-post-image\" alt=\"\" style=\"\" \/><\/div><a class=\"wp-block-latest-posts__post-title\" href=\"https:\/\/elda.jndnetwork.eu\/?p=271\">Zeleninov\u00e1 korma<\/a><\/li>\n<li><div class=\"wp-block-latest-posts__featured-image\"><img loading=\"lazy\" decoding=\"async\" width=\"150\" height=\"150\" src=\"https:\/\/elda.jndnetwork.eu\/wp-content\/uploads\/2020\/11\/hermes-rivera-7ld9_oZDdQs-unsplash-150x150.jpg\" class=\"attachment-thumbnail size-thumbnail wp-post-image\" alt=\"\" style=\"\" srcset=\"https:\/\/elda.jndnetwork.eu\/wp-content\/uploads\/2020\/11\/hermes-rivera-7ld9_oZDdQs-unsplash-150x150.jpg 150w, https:\/\/elda.jndnetwork.eu\/wp-content\/uploads\/2020\/11\/hermes-rivera-7ld9_oZDdQs-unsplash-300x300.jpg 300w, https:\/\/elda.jndnetwork.eu\/wp-content\/uploads\/2020\/11\/hermes-rivera-7ld9_oZDdQs-unsplash-1024x1024.jpg 1024w, https:\/\/elda.jndnetwork.eu\/wp-content\/uploads\/2020\/11\/hermes-rivera-7ld9_oZDdQs-unsplash-768x768.jpg 768w, https:\/\/elda.jndnetwork.eu\/wp-content\/uploads\/2020\/11\/hermes-rivera-7ld9_oZDdQs-unsplash-1536x1536.jpg 1536w, https:\/\/elda.jndnetwork.eu\/wp-content\/uploads\/2020\/11\/hermes-rivera-7ld9_oZDdQs-unsplash-60x60.jpg 60w, https:\/\/elda.jndnetwork.eu\/wp-content\/uploads\/2020\/11\/hermes-rivera-7ld9_oZDdQs-unsplash.jpg 1552w\" sizes=\"auto, (max-width: 150px) 100vw, 150px\" \/><\/div><a class=\"wp-block-latest-posts__post-title\" href=\"https:\/\/elda.jndnetwork.eu\/?p=205\">Mac &#038; Cheese (makarony se s\u00fdrem)<\/a><\/li>\n<li><div class=\"wp-block-latest-posts__featured-image\"><img loading=\"lazy\" decoding=\"async\" width=\"150\" height=\"150\" src=\"https:\/\/elda.jndnetwork.eu\/wp-content\/uploads\/2020\/11\/usman-yousaf-4GDW-Rt4BVQ-unsplash-150x150.jpg\" class=\"attachment-thumbnail size-thumbnail wp-post-image\" alt=\"\" style=\"\" srcset=\"https:\/\/elda.jndnetwork.eu\/wp-content\/uploads\/2020\/11\/usman-yousaf-4GDW-Rt4BVQ-unsplash-150x150.jpg 150w, https:\/\/elda.jndnetwork.eu\/wp-content\/uploads\/2020\/11\/usman-yousaf-4GDW-Rt4BVQ-unsplash-300x300.jpg 300w, https:\/\/elda.jndnetwork.eu\/wp-content\/uploads\/2020\/11\/usman-yousaf-4GDW-Rt4BVQ-unsplash-1024x1024.jpg 1024w, https:\/\/elda.jndnetwork.eu\/wp-content\/uploads\/2020\/11\/usman-yousaf-4GDW-Rt4BVQ-unsplash-768x768.jpg 768w, https:\/\/elda.jndnetwork.eu\/wp-content\/uploads\/2020\/11\/usman-yousaf-4GDW-Rt4BVQ-unsplash-1536x1536.jpg 1536w, https:\/\/elda.jndnetwork.eu\/wp-content\/uploads\/2020\/11\/usman-yousaf-4GDW-Rt4BVQ-unsplash-2048x2048.jpg 2048w, https:\/\/elda.jndnetwork.eu\/wp-content\/uploads\/2020\/11\/usman-yousaf-4GDW-Rt4BVQ-unsplash-60x60.jpg 60w\" sizes=\"auto, (max-width: 150px) 100vw, 150px\" \/><\/div><a class=\"wp-block-latest-posts__post-title\" href=\"https:\/\/elda.jndnetwork.eu\/?p=186\">Tortilla<\/a><\/li>\n<li><div class=\"wp-block-latest-posts__featured-image\"><img loading=\"lazy\" decoding=\"async\" width=\"150\" height=\"150\" src=\"https:\/\/elda.jndnetwork.eu\/wp-content\/uploads\/2020\/11\/sean-mcclintock-4JY0X81wthg-unsplash-150x150.jpg\" class=\"attachment-thumbnail size-thumbnail wp-post-image\" alt=\"\" style=\"\" \/><\/div><a class=\"wp-block-latest-posts__post-title\" href=\"https:\/\/elda.jndnetwork.eu\/?p=184\">Octov\u00e9 bramb\u016frky<\/a><\/li>\n<li><div class=\"wp-block-latest-posts__featured-image\"><img loading=\"lazy\" decoding=\"async\" width=\"150\" height=\"150\" src=\"https:\/\/elda.jndnetwork.eu\/wp-content\/uploads\/2020\/11\/louis-hansel-shotsoflouis-Si5lP0g-sR8-unsplash-150x150.jpg\" class=\"attachment-thumbnail size-thumbnail wp-post-image\" alt=\"\" style=\"\" srcset=\"https:\/\/elda.jndnetwork.eu\/wp-content\/uploads\/2020\/11\/louis-hansel-shotsoflouis-Si5lP0g-sR8-unsplash-150x150.jpg 150w, https:\/\/elda.jndnetwork.eu\/wp-content\/uploads\/2020\/11\/louis-hansel-shotsoflouis-Si5lP0g-sR8-unsplash-300x300.jpg 300w, https:\/\/elda.jndnetwork.eu\/wp-content\/uploads\/2020\/11\/louis-hansel-shotsoflouis-Si5lP0g-sR8-unsplash-1024x1024.jpg 1024w, https:\/\/elda.jndnetwork.eu\/wp-content\/uploads\/2020\/11\/louis-hansel-shotsoflouis-Si5lP0g-sR8-unsplash-768x768.jpg 768w, https:\/\/elda.jndnetwork.eu\/wp-content\/uploads\/2020\/11\/louis-hansel-shotsoflouis-Si5lP0g-sR8-unsplash-1536x1536.jpg 1536w, https:\/\/elda.jndnetwork.eu\/wp-content\/uploads\/2020\/11\/louis-hansel-shotsoflouis-Si5lP0g-sR8-unsplash-2048x2048.jpg 2048w, https:\/\/elda.jndnetwork.eu\/wp-content\/uploads\/2020\/11\/louis-hansel-shotsoflouis-Si5lP0g-sR8-unsplash-60x60.jpg 60w\" sizes=\"auto, (max-width: 150px) 100vw, 150px\" \/><\/div><a class=\"wp-block-latest-posts__post-title\" href=\"https:\/\/elda.jndnetwork.eu\/?p=174\">Burger om\u00e1\u010dka<\/a><\/li>\n<li><div class=\"wp-block-latest-posts__featured-image\"><img loading=\"lazy\" decoding=\"async\" width=\"150\" height=\"150\" src=\"https:\/\/elda.jndnetwork.eu\/wp-content\/uploads\/2020\/11\/amirali-mirhashemian-sc5sTPMrVfk-unsplash-150x150.jpg\" class=\"attachment-thumbnail size-thumbnail wp-post-image\" alt=\"\" style=\"\" \/><\/div><a class=\"wp-block-latest-posts__post-title\" href=\"https:\/\/elda.jndnetwork.eu\/?p=37\">Klasick\u00fd burger<\/a><\/li>\n<\/ul>","protected":false},"excerpt":{"rendered":"<p>\u0160t\u00edtky Recepty<\/p>\n","protected":false},"author":1,"featured_media":0,"parent":0,"menu_order":0,"comment_status":"closed","ping_status":"closed","template":"","meta":{"footnotes":""},"class_list":["post-23","page","type-page","status-publish","hentry","latest_post"],"_links":{"self":[{"href":"https:\/\/elda.jndnetwork.eu\/index.php?rest_route=\/wp\/v2\/pages\/23","targetHints":{"allow":["GET"]}}],"collection":[{"href":"https:\/\/elda.jndnetwork.eu\/index.php?rest_route=\/wp\/v2\/pages"}],"about":[{"href":"https:\/\/elda.jndnetwork.eu\/index.php?rest_route=\/wp\/v2\/types\/page"}],"author":[{"embeddable":true,"href":"https:\/\/elda.jndnetwork.eu\/index.php?rest_route=\/wp\/v2\/users\/1"}],"replies":[{"embeddable":true,"href":"https:\/\/elda.jndnetwork.eu\/index.php?rest_route=%2Fwp%2Fv2%2Fcomments&post=23"}],"version-history":[{"count":11,"href":"https:\/\/elda.jndnetwork.eu\/index.php?rest_route=\/wp\/v2\/pages\/23\/revisions"}],"predecessor-version":[{"id":265,"href":"https:\/\/elda.jndnetwork.eu\/index.php?rest_route=\/wp\/v2\/pages\/23\/revisions\/265"}],"wp:attachment":[{"href":"https:\/\/elda.jndnetwork.eu\/index.php?rest_route=%2Fwp%2Fv2%2Fmedia&parent=23"}],"curies":[{"name":"wp","href":"https:\/\/api.w.org\/{rel}","templated":true}]}}